{"id":18067,"date":"2023-02-03T16:52:05","date_gmt":"2023-02-03T16:52:05","guid":{"rendered":"https:\/\/cel.education\/minha-conta\/"},"modified":"2026-03-21T18:28:49","modified_gmt":"2026-03-21T18:28:49","slug":"minha-conta","status":"publish","type":"page","link":"https:\/\/cel.education\/pt-br\/minha-conta\/","title":{"rendered":"Minha conta"},"content":{"rendered":"<div class=\"woocommerce\"><\/div>\n","protected":false},"excerpt":{"rendered":"","protected":false},"author":2,"featured_media":0,"parent":0,"menu_order":0,"comment_status":"closed","ping_status":"closed","template":"","meta":{"productId":0,"courseId":0,"footnotes":""},"class_list":["post-18067","page","type-page","status-publish","hentry"],"yoast_head":"<!-- This site is optimized with the Yoast SEO plugin v27.4 - https:\/\/yoast.com\/product\/yoast-seo-wordpress\/ -->\n<title>Minha conta - Alcanza tus metas acad\u00e9micas con Especializaciones Internacionales, Idiomas, Certificaci\u00f3n y Aval Acad\u00e9mico.<\/title>\n<meta name=\"robots\" content=\"index, follow, max-snippet:-1, max-image-preview:large, max-video-preview:-1\" \/>\n<link rel=\"canonical\" href=\"https:\/\/cel.education\/pt-br\/minha-conta\/\" \/>\n<meta property=\"og:locale\" content=\"pt_BR\" \/>\n<meta property=\"og:type\" content=\"article\" \/>\n<meta property=\"og:title\" content=\"Minha conta - Alcanza tus metas acad\u00e9micas con Especializaciones Internacionales, Idiomas, Certificaci\u00f3n y Aval Acad\u00e9mico.\" \/>\n<meta property=\"og:url\" content=\"https:\/\/cel.education\/pt-br\/minha-conta\/\" \/>\n<meta property=\"og:site_name\" content=\"Alcanza tus metas acad\u00e9micas con Especializaciones Internacionales, Idiomas, Certificaci\u00f3n y Aval Acad\u00e9mico.\" \/>\n<meta property=\"article:publisher\" content=\"https:\/\/www.facebook.com\/cel.leadership\" \/>\n<meta property=\"article:modified_time\" content=\"2026-03-21T18:28:49+00:00\" \/>\n<meta property=\"og:image\" content=\"https:\/\/cel.education\/wp-content\/uploads\/2023\/01\/ECD-MARKETING-DIGITAL-1.jpg\" \/>\n\t<meta property=\"og:image:width\" content=\"560\" \/>\n\t<meta property=\"og:image:height\" content=\"840\" \/>\n\t<meta property=\"og:image:type\" content=\"image\/jpeg\" \/>\n<meta name=\"twitter:card\" content=\"summary_large_image\" \/>\n<meta name=\"twitter:site\" content=\"@cel_leadership\" \/>\n<script type=\"application\/ld+json\" class=\"yoast-schema-graph\">{\"@context\":\"https:\\\/\\\/schema.org\",\"@graph\":[{\"@type\":\"WebPage\",\"@id\":\"https:\\\/\\\/cel.education\\\/pt-br\\\/minha-conta\\\/\",\"url\":\"https:\\\/\\\/cel.education\\\/pt-br\\\/minha-conta\\\/\",\"name\":\"Minha conta - Alcanza tus metas acad\u00e9micas con Especializaciones Internacionales, Idiomas, Certificaci\u00f3n y Aval Acad\u00e9mico.\",\"isPartOf\":{\"@id\":\"https:\\\/\\\/cel.education\\\/pt-br\\\/#website\"},\"datePublished\":\"2023-02-03T16:52:05+00:00\",\"dateModified\":\"2026-03-21T18:28:49+00:00\",\"breadcrumb\":{\"@id\":\"https:\\\/\\\/cel.education\\\/pt-br\\\/minha-conta\\\/#breadcrumb\"},\"inLanguage\":\"pt-BR\",\"potentialAction\":[{\"@type\":\"ReadAction\",\"target\":[\"https:\\\/\\\/cel.education\\\/pt-br\\\/minha-conta\\\/\"]}]},{\"@type\":\"BreadcrumbList\",\"@id\":\"https:\\\/\\\/cel.education\\\/pt-br\\\/minha-conta\\\/#breadcrumb\",\"itemListElement\":[{\"@type\":\"ListItem\",\"position\":1,\"name\":\"Portada\",\"item\":\"https:\\\/\\\/cel.education\\\/pt-br\\\/centro-de-educacao-e-lideranca\\\/\"},{\"@type\":\"ListItem\",\"position\":2,\"name\":\"Minha conta\"}]},{\"@type\":\"WebSite\",\"@id\":\"https:\\\/\\\/cel.education\\\/pt-br\\\/#website\",\"url\":\"https:\\\/\\\/cel.education\\\/pt-br\\\/\",\"name\":\"Alcanza tus metas acad\u00e9micas con Especializaciones Internacionales, Idiomas, Certificaci\u00f3n y Aval Acad\u00e9mico.\",\"description\":\"Centro de Educaci\u00f3n y Liderazgo\",\"publisher\":{\"@id\":\"https:\\\/\\\/cel.education\\\/pt-br\\\/#organization\"},\"potentialAction\":[{\"@type\":\"SearchAction\",\"target\":{\"@type\":\"EntryPoint\",\"urlTemplate\":\"https:\\\/\\\/cel.education\\\/pt-br\\\/?s={search_term_string}\"},\"query-input\":{\"@type\":\"PropertyValueSpecification\",\"valueRequired\":true,\"valueName\":\"search_term_string\"}}],\"inLanguage\":\"pt-BR\"},{\"@type\":\"Organization\",\"@id\":\"https:\\\/\\\/cel.education\\\/pt-br\\\/#organization\",\"name\":\"Alcanza tus metas acad\u00e9micas con Especializaciones Internacionales, Idiomas, Certificaci\u00f3n y Aval Acad\u00e9mico.\",\"url\":\"https:\\\/\\\/cel.education\\\/pt-br\\\/\",\"logo\":{\"@type\":\"ImageObject\",\"inLanguage\":\"pt-BR\",\"@id\":\"https:\\\/\\\/cel.education\\\/pt-br\\\/#\\\/schema\\\/logo\\\/image\\\/\",\"url\":\"https:\\\/\\\/cel.education\\\/wp-content\\\/uploads\\\/2025\\\/02\\\/pantalla-cel.jpg\",\"contentUrl\":\"https:\\\/\\\/cel.education\\\/wp-content\\\/uploads\\\/2025\\\/02\\\/pantalla-cel.jpg\",\"width\":1920,\"height\":1080,\"caption\":\"Alcanza tus metas acad\u00e9micas con Especializaciones Internacionales, Idiomas, Certificaci\u00f3n y Aval Acad\u00e9mico.\"},\"image\":{\"@id\":\"https:\\\/\\\/cel.education\\\/pt-br\\\/#\\\/schema\\\/logo\\\/image\\\/\"},\"sameAs\":[\"https:\\\/\\\/www.facebook.com\\\/cel.leadership\",\"https:\\\/\\\/x.com\\\/cel_leadership\",\"https:\\\/\\\/www.instagram.com\\\/cel.leadership\\\/\"]}]}<\/script>\n<!-- \/ Yoast SEO plugin. -->","yoast_head_json":{"title":"Minha conta - Alcanza tus metas acad\u00e9micas con Especializaciones Internacionales, Idiomas, Certificaci\u00f3n y Aval Acad\u00e9mico.","robots":{"index":"index","follow":"follow","max-snippet":"max-snippet:-1","max-image-preview":"max-image-preview:large","max-video-preview":"max-video-preview:-1"},"canonical":"https:\/\/cel.education\/pt-br\/minha-conta\/","og_locale":"pt_BR","og_type":"article","og_title":"Minha conta - Alcanza tus metas acad\u00e9micas con Especializaciones Internacionales, Idiomas, Certificaci\u00f3n y Aval Acad\u00e9mico.","og_url":"https:\/\/cel.education\/pt-br\/minha-conta\/","og_site_name":"Alcanza tus metas acad\u00e9micas con Especializaciones Internacionales, Idiomas, Certificaci\u00f3n y Aval Acad\u00e9mico.","article_publisher":"https:\/\/www.facebook.com\/cel.leadership","article_modified_time":"2026-03-21T18:28:49+00:00","og_image":[{"width":560,"height":840,"url":"https:\/\/cel.education\/wp-content\/uploads\/2023\/01\/ECD-MARKETING-DIGITAL-1.jpg","type":"image\/jpeg"}],"twitter_card":"summary_large_image","twitter_site":"@cel_leadership","schema":{"@context":"https:\/\/schema.org","@graph":[{"@type":"WebPage","@id":"https:\/\/cel.education\/pt-br\/minha-conta\/","url":"https:\/\/cel.education\/pt-br\/minha-conta\/","name":"Minha conta - Alcanza tus metas acad\u00e9micas con Especializaciones Internacionales, Idiomas, Certificaci\u00f3n y Aval Acad\u00e9mico.","isPartOf":{"@id":"https:\/\/cel.education\/pt-br\/#website"},"datePublished":"2023-02-03T16:52:05+00:00","dateModified":"2026-03-21T18:28:49+00:00","breadcrumb":{"@id":"https:\/\/cel.education\/pt-br\/minha-conta\/#breadcrumb"},"inLanguage":"pt-BR","potentialAction":[{"@type":"ReadAction","target":["https:\/\/cel.education\/pt-br\/minha-conta\/"]}]},{"@type":"BreadcrumbList","@id":"https:\/\/cel.education\/pt-br\/minha-conta\/#breadcrumb","itemListElement":[{"@type":"ListItem","position":1,"name":"Portada","item":"https:\/\/cel.education\/pt-br\/centro-de-educacao-e-lideranca\/"},{"@type":"ListItem","position":2,"name":"Minha conta"}]},{"@type":"WebSite","@id":"https:\/\/cel.education\/pt-br\/#website","url":"https:\/\/cel.education\/pt-br\/","name":"Alcanza tus metas acad\u00e9micas con Especializaciones Internacionales, Idiomas, Certificaci\u00f3n y Aval Acad\u00e9mico.","description":"Centro de Educaci\u00f3n y Liderazgo","publisher":{"@id":"https:\/\/cel.education\/pt-br\/#organization"},"potentialAction":[{"@type":"SearchAction","target":{"@type":"EntryPoint","urlTemplate":"https:\/\/cel.education\/pt-br\/?s={search_term_string}"},"query-input":{"@type":"PropertyValueSpecification","valueRequired":true,"valueName":"search_term_string"}}],"inLanguage":"pt-BR"},{"@type":"Organization","@id":"https:\/\/cel.education\/pt-br\/#organization","name":"Alcanza tus metas acad\u00e9micas con Especializaciones Internacionales, Idiomas, Certificaci\u00f3n y Aval Acad\u00e9mico.","url":"https:\/\/cel.education\/pt-br\/","logo":{"@type":"ImageObject","inLanguage":"pt-BR","@id":"https:\/\/cel.education\/pt-br\/#\/schema\/logo\/image\/","url":"https:\/\/cel.education\/wp-content\/uploads\/2025\/02\/pantalla-cel.jpg","contentUrl":"https:\/\/cel.education\/wp-content\/uploads\/2025\/02\/pantalla-cel.jpg","width":1920,"height":1080,"caption":"Alcanza tus metas acad\u00e9micas con Especializaciones Internacionales, Idiomas, Certificaci\u00f3n y Aval Acad\u00e9mico."},"image":{"@id":"https:\/\/cel.education\/pt-br\/#\/schema\/logo\/image\/"},"sameAs":["https:\/\/www.facebook.com\/cel.leadership","https:\/\/x.com\/cel_leadership","https:\/\/www.instagram.com\/cel.leadership\/"]}]}},"_links":{"self":[{"href":"https:\/\/cel.education\/pt-br\/wp-json\/wp\/v2\/pages\/18067","targetHints":{"allow":["GET"]}}],"collection":[{"href":"https:\/\/cel.education\/pt-br\/wp-json\/wp\/v2\/pages"}],"about":[{"href":"https:\/\/cel.education\/pt-br\/wp-json\/wp\/v2\/types\/page"}],"author":[{"embeddable":true,"href":"https:\/\/cel.education\/pt-br\/wp-json\/wp\/v2\/users\/2"}],"replies":[{"embeddable":true,"href":"https:\/\/cel.education\/pt-br\/wp-json\/wp\/v2\/comments?post=18067"}],"version-history":[{"count":0,"href":"https:\/\/cel.education\/pt-br\/wp-json\/wp\/v2\/pages\/18067\/revisions"}],"wp:attachment":[{"href":"https:\/\/cel.education\/pt-br\/wp-json\/wp\/v2\/media?parent=18067"}],"curies":[{"name":"wp","href":"https:\/\/api.w.org\/{rel}","templated":true}]}}