{"id":18508,"date":"2023-01-17T15:09:33","date_gmt":"2023-01-17T15:09:33","guid":{"rendered":"https:\/\/cel.education\/verificacao-de-certificados\/"},"modified":"2026-03-21T18:49:25","modified_gmt":"2026-03-21T18:49:25","slug":"verificacao-de-certificados","status":"publish","type":"page","link":"https:\/\/cel.education\/pt-br\/verificacao-de-certificados\/","title":{"rendered":"Verifica\u00e7\u00e3o de Certificados"},"content":{"rendered":"\t\t<div data-elementor-type=\"wp-page\" data-elementor-id=\"18508\" class=\"elementor elementor-18508 elementor-7568\" data-elementor-post-type=\"page\">\n\t\t\t\t\t\t<section class=\"elementor-section elementor-top-section elementor-element elementor-element-1afd90e9 elementor-section-height-full elementor-section-boxed elementor-section-height-default elementor-section-items-middle e-parent\" data-id=\"1afd90e9\" data-element_type=\"section\" data-e-type=\"section\" data-settings=\"{&quot;background_background&quot;:&quot;classic&quot;}\">\n\t\t\t\t\t\t\t<div class=\"elementor-background-overlay\"><\/div>\n\t\t\t\t\t\t\t<div class=\"elementor-container elementor-column-gap-default\">\n\t\t\t\t\t<div class=\"elementor-column elementor-col-50 elementor-top-column elementor-element elementor-element-5e7932a2 lakit-col-width-auto-no\" data-id=\"5e7932a2\" data-element_type=\"column\" data-e-type=\"column\" data-settings=\"{&quot;background_background&quot;:&quot;classic&quot;}\">\n\t\t\t<div class=\"elementor-widget-wrap elementor-element-populated\">\n\t\t\t\t\t\t<div class=\"elementor-element elementor-element-364426e1 elementor-widget elementor-widget-hub_fancy_heading\" data-id=\"364426e1\" data-element_type=\"widget\" data-e-type=\"widget\" data-widget_type=\"hub_fancy_heading.default\">\n\t\t\t\t<div class=\"elementor-widget-container\">\n\t\t\t\t\t\n\t\t<div id=\"ld-fancy-heading-6a0a1219b8eda\" class=\"ld-fancy-heading pos-rel\">\n\t\t\t<h2 class=\"ld-fh-element d-inline-block pos-rel  elementor-heading-title lqd-highlight-classic lqd-highlight-grow-left h2\"  > Verifique seu certificado<\/h2>\t\t<\/div>\n\n\t\t\t\t\t\t<\/div>\n\t\t\t\t<\/div>\n\t\t\t\t<div class=\"elementor-element elementor-element-7aa5a2dc elementor-widget elementor-widget-hub_fancy_heading\" data-id=\"7aa5a2dc\" data-element_type=\"widget\" data-e-type=\"widget\" data-widget_type=\"hub_fancy_heading.default\">\n\t\t\t\t<div class=\"elementor-widget-container\">\n\t\t\t\t\t\n\t\t<div id=\"ld-fancy-heading-6a0a1219b9d0e\" class=\"ld-fancy-heading pos-rel\">\n\t\t\t<p class=\"ld-fh-element d-inline-block pos-rel  lqd-highlight-classic lqd-highlight-grow-left p\"  > Para verificar seu certificado, voc\u00ea deve inserir o campo abaixo do c\u00f3digo que aparece no canto superior direito do documento.<\/p>\t\t<\/div>\n\n\t\t\t\t\t\t<\/div>\n\t\t\t\t<\/div>\n\t\t\t\t<div class=\"elementor-element elementor-element-9ee7181 elementor-widget elementor-widget-html\" data-id=\"9ee7181\" data-element_type=\"widget\" data-e-type=\"widget\" data-widget_type=\"html.default\">\n\t\t\t\t<div class=\"elementor-widget-container\">\n\t\t\t\t\t<style>.form-container {\n        margin:auto !important; \n        display:flex; \n        align-items:center;\n        flex-direction:column; \n        width:100%; \n        gap:10px;\n    }\n    .form-container input {\n        padding: 10px 20px;\n        border-radius: 100px\n    }\n    .form-container button {\n        border-radius: 100px;\n        width: max-content;\n    }\n    \n<\/style>\t\t\t\t<\/div>\n\t\t\t\t<\/div>\n\t\t\t\t<div class=\"elementor-element elementor-element-81f378d elementor-widget elementor-widget-html\" data-id=\"81f378d\" data-element_type=\"widget\" data-e-type=\"widget\" data-widget_type=\"html.default\">\n\t\t\t\t<div class=\"elementor-widget-container\">\n\t\t\t\t\t<form class=\"fusion-form\" action=\"https:\/\/certificate.cel-edu.com\/verification\" method=\"post\" style=\"display:flex; width:100%;\">\r\n\r\n\r\n    <div class=\"form-container\">\r\n        \r\n        \r\n        <input placeholder=\"Insira o c\u00f3digo aqui\" name=\"codigo\" type=\"text\" value=\"\">\r\n\r\n\r\n\r\n        \r\n    <button type=\"submit\" class=\"elementor-button btn ws-nowrap btn-solid btn-lg btn-icon-right btn-hover-reveal btn-has-label\" data-localscroll=\"true\" data-localscroll-options=\"{\"scrollBelowSection\":true}\">\r\n\t\t<span class=\"btn-txt\" data-text=\"Ver mas\">Verificar<\/span>\r\n\t\t<span class=\"btn-icon\">\r\n        <i aria-hidden=\"true\" class=\"lqd-icn-ess icon-md-arrow-round-forward\"><\/i><\/span>\r\n    \t<\/button>\r\n    <\/div>\r\n<\/form>\t\t\t\t<\/div>\n\t\t\t\t<\/div>\n\t\t\t\t\t<\/div>\n\t\t<\/div>\n\t\t\t\t<div class=\"elementor-column elementor-col-50 elementor-top-column elementor-element elementor-element-1153e067 elementor-hidden-tablet elementor-hidden-mobile lakit-col-width-auto-no\" data-id=\"1153e067\" data-element_type=\"column\" data-e-type=\"column\">\n\t\t\t<div class=\"elementor-widget-wrap\">\n\t\t\t\t\t\t\t<\/div>\n\t\t<\/div>\n\t\t\t\t\t<\/div>\n\t\t<\/section>\n\t\t\t\t<\/div>\n\t\t","protected":false},"excerpt":{"rendered":"<p>Verifique seu certificado Para verificar seu certificado, voc\u00ea deve inserir o campo abaixo do c\u00f3digo que aparece no canto superior direito do documento. Verificar<\/p>\n","protected":false},"author":1,"featured_media":0,"parent":0,"menu_order":0,"comment_status":"closed","ping_status":"closed","template":"elementor_header_footer","meta":{"productId":0,"courseId":0,"footnotes":""},"class_list":["post-18508","page","type-page","status-publish","hentry"],"yoast_head":"<!-- This site is optimized with the Yoast SEO plugin v27.6 - https:\/\/yoast.com\/product\/yoast-seo-wordpress\/ -->\n<title>Verifica\u00e7\u00e3o de Certificados - Alcanza tus metas acad\u00e9micas con Especializaciones Internacionales, Idiomas, Certificaci\u00f3n y Aval Acad\u00e9mico.<\/title>\n<meta name=\"robots\" content=\"index, follow, max-snippet:-1, max-image-preview:large, max-video-preview:-1\" \/>\n<link rel=\"canonical\" href=\"https:\/\/cel.education\/pt-br\/verificacao-de-certificados\/\" \/>\n<meta property=\"og:locale\" content=\"pt_BR\" \/>\n<meta property=\"og:type\" content=\"article\" \/>\n<meta property=\"og:title\" content=\"Verifica\u00e7\u00e3o de Certificados - Alcanza tus metas acad\u00e9micas con Especializaciones Internacionales, Idiomas, Certificaci\u00f3n y Aval Acad\u00e9mico.\" \/>\n<meta property=\"og:description\" content=\"Verifique seu certificado Para verificar seu certificado, voc\u00ea deve inserir o campo abaixo do c\u00f3digo que aparece no canto superior direito do documento. Verificar\" \/>\n<meta property=\"og:url\" content=\"https:\/\/cel.education\/pt-br\/verificacao-de-certificados\/\" \/>\n<meta property=\"og:site_name\" content=\"Alcanza tus metas acad\u00e9micas con Especializaciones Internacionales, Idiomas, Certificaci\u00f3n y Aval Acad\u00e9mico.\" \/>\n<meta property=\"article:publisher\" content=\"https:\/\/www.facebook.com\/cel.leadership\" \/>\n<meta property=\"article:modified_time\" content=\"2026-03-21T18:49:25+00:00\" \/>\n<meta property=\"og:image\" content=\"https:\/\/cel.education\/wp-content\/uploads\/2023\/01\/ECD-MARKETING-DIGITAL-1.jpg\" \/>\n\t<meta property=\"og:image:width\" content=\"560\" \/>\n\t<meta property=\"og:image:height\" content=\"840\" \/>\n\t<meta property=\"og:image:type\" content=\"image\/jpeg\" \/>\n<meta name=\"twitter:card\" content=\"summary_large_image\" \/>\n<meta name=\"twitter:site\" content=\"@cel_leadership\" \/>\n<script type=\"application\/ld+json\" class=\"yoast-schema-graph\">{\"@context\":\"https:\\\/\\\/schema.org\",\"@graph\":[{\"@type\":\"WebPage\",\"@id\":\"https:\\\/\\\/cel.education\\\/pt-br\\\/verificacao-de-certificados\\\/\",\"url\":\"https:\\\/\\\/cel.education\\\/pt-br\\\/verificacao-de-certificados\\\/\",\"name\":\"Verifica\u00e7\u00e3o de Certificados - Alcanza tus metas acad\u00e9micas con Especializaciones Internacionales, Idiomas, Certificaci\u00f3n y Aval Acad\u00e9mico.\",\"isPartOf\":{\"@id\":\"https:\\\/\\\/cel.education\\\/pt-br\\\/#website\"},\"datePublished\":\"2023-01-17T15:09:33+00:00\",\"dateModified\":\"2026-03-21T18:49:25+00:00\",\"breadcrumb\":{\"@id\":\"https:\\\/\\\/cel.education\\\/pt-br\\\/verificacao-de-certificados\\\/#breadcrumb\"},\"inLanguage\":\"pt-BR\",\"potentialAction\":[{\"@type\":\"ReadAction\",\"target\":[\"https:\\\/\\\/cel.education\\\/pt-br\\\/verificacao-de-certificados\\\/\"]}]},{\"@type\":\"BreadcrumbList\",\"@id\":\"https:\\\/\\\/cel.education\\\/pt-br\\\/verificacao-de-certificados\\\/#breadcrumb\",\"itemListElement\":[{\"@type\":\"ListItem\",\"position\":1,\"name\":\"Portada\",\"item\":\"https:\\\/\\\/cel.education\\\/pt-br\\\/centro-de-educacao-e-lideranca\\\/\"},{\"@type\":\"ListItem\",\"position\":2,\"name\":\"Verifica\u00e7\u00e3o de Certificados\"}]},{\"@type\":\"WebSite\",\"@id\":\"https:\\\/\\\/cel.education\\\/pt-br\\\/#website\",\"url\":\"https:\\\/\\\/cel.education\\\/pt-br\\\/\",\"name\":\"Alcanza tus metas acad\u00e9micas con Especializaciones Internacionales, Idiomas, Certificaci\u00f3n y Aval Acad\u00e9mico.\",\"description\":\"Centro de Educaci\u00f3n y Liderazgo\",\"publisher\":{\"@id\":\"https:\\\/\\\/cel.education\\\/pt-br\\\/#organization\"},\"potentialAction\":[{\"@type\":\"SearchAction\",\"target\":{\"@type\":\"EntryPoint\",\"urlTemplate\":\"https:\\\/\\\/cel.education\\\/pt-br\\\/?s={search_term_string}\"},\"query-input\":{\"@type\":\"PropertyValueSpecification\",\"valueRequired\":true,\"valueName\":\"search_term_string\"}}],\"inLanguage\":\"pt-BR\"},{\"@type\":\"Organization\",\"@id\":\"https:\\\/\\\/cel.education\\\/pt-br\\\/#organization\",\"name\":\"Alcanza tus metas acad\u00e9micas con Especializaciones Internacionales, Idiomas, Certificaci\u00f3n y Aval Acad\u00e9mico.\",\"url\":\"https:\\\/\\\/cel.education\\\/pt-br\\\/\",\"logo\":{\"@type\":\"ImageObject\",\"inLanguage\":\"pt-BR\",\"@id\":\"https:\\\/\\\/cel.education\\\/pt-br\\\/#\\\/schema\\\/logo\\\/image\\\/\",\"url\":\"https:\\\/\\\/cel.education\\\/wp-content\\\/uploads\\\/2025\\\/02\\\/pantalla-cel.jpg\",\"contentUrl\":\"https:\\\/\\\/cel.education\\\/wp-content\\\/uploads\\\/2025\\\/02\\\/pantalla-cel.jpg\",\"width\":1920,\"height\":1080,\"caption\":\"Alcanza tus metas acad\u00e9micas con Especializaciones Internacionales, Idiomas, Certificaci\u00f3n y Aval Acad\u00e9mico.\"},\"image\":{\"@id\":\"https:\\\/\\\/cel.education\\\/pt-br\\\/#\\\/schema\\\/logo\\\/image\\\/\"},\"sameAs\":[\"https:\\\/\\\/www.facebook.com\\\/cel.leadership\",\"https:\\\/\\\/x.com\\\/cel_leadership\",\"https:\\\/\\\/www.instagram.com\\\/cel.leadership\\\/\"]}]}<\/script>\n<!-- \/ Yoast SEO plugin. -->","yoast_head_json":{"title":"Verifica\u00e7\u00e3o de Certificados - Alcanza tus metas acad\u00e9micas con Especializaciones Internacionales, Idiomas, Certificaci\u00f3n y Aval Acad\u00e9mico.","robots":{"index":"index","follow":"follow","max-snippet":"max-snippet:-1","max-image-preview":"max-image-preview:large","max-video-preview":"max-video-preview:-1"},"canonical":"https:\/\/cel.education\/pt-br\/verificacao-de-certificados\/","og_locale":"pt_BR","og_type":"article","og_title":"Verifica\u00e7\u00e3o de Certificados - Alcanza tus metas acad\u00e9micas con Especializaciones Internacionales, Idiomas, Certificaci\u00f3n y Aval Acad\u00e9mico.","og_description":"Verifique seu certificado Para verificar seu certificado, voc\u00ea deve inserir o campo abaixo do c\u00f3digo que aparece no canto superior direito do documento. Verificar","og_url":"https:\/\/cel.education\/pt-br\/verificacao-de-certificados\/","og_site_name":"Alcanza tus metas acad\u00e9micas con Especializaciones Internacionales, Idiomas, Certificaci\u00f3n y Aval Acad\u00e9mico.","article_publisher":"https:\/\/www.facebook.com\/cel.leadership","article_modified_time":"2026-03-21T18:49:25+00:00","og_image":[{"width":560,"height":840,"url":"https:\/\/cel.education\/wp-content\/uploads\/2023\/01\/ECD-MARKETING-DIGITAL-1.jpg","type":"image\/jpeg"}],"twitter_card":"summary_large_image","twitter_site":"@cel_leadership","schema":{"@context":"https:\/\/schema.org","@graph":[{"@type":"WebPage","@id":"https:\/\/cel.education\/pt-br\/verificacao-de-certificados\/","url":"https:\/\/cel.education\/pt-br\/verificacao-de-certificados\/","name":"Verifica\u00e7\u00e3o de Certificados - Alcanza tus metas acad\u00e9micas con Especializaciones Internacionales, Idiomas, Certificaci\u00f3n y Aval Acad\u00e9mico.","isPartOf":{"@id":"https:\/\/cel.education\/pt-br\/#website"},"datePublished":"2023-01-17T15:09:33+00:00","dateModified":"2026-03-21T18:49:25+00:00","breadcrumb":{"@id":"https:\/\/cel.education\/pt-br\/verificacao-de-certificados\/#breadcrumb"},"inLanguage":"pt-BR","potentialAction":[{"@type":"ReadAction","target":["https:\/\/cel.education\/pt-br\/verificacao-de-certificados\/"]}]},{"@type":"BreadcrumbList","@id":"https:\/\/cel.education\/pt-br\/verificacao-de-certificados\/#breadcrumb","itemListElement":[{"@type":"ListItem","position":1,"name":"Portada","item":"https:\/\/cel.education\/pt-br\/centro-de-educacao-e-lideranca\/"},{"@type":"ListItem","position":2,"name":"Verifica\u00e7\u00e3o de Certificados"}]},{"@type":"WebSite","@id":"https:\/\/cel.education\/pt-br\/#website","url":"https:\/\/cel.education\/pt-br\/","name":"Alcanza tus metas acad\u00e9micas con Especializaciones Internacionales, Idiomas, Certificaci\u00f3n y Aval Acad\u00e9mico.","description":"Centro de Educaci\u00f3n y Liderazgo","publisher":{"@id":"https:\/\/cel.education\/pt-br\/#organization"},"potentialAction":[{"@type":"SearchAction","target":{"@type":"EntryPoint","urlTemplate":"https:\/\/cel.education\/pt-br\/?s={search_term_string}"},"query-input":{"@type":"PropertyValueSpecification","valueRequired":true,"valueName":"search_term_string"}}],"inLanguage":"pt-BR"},{"@type":"Organization","@id":"https:\/\/cel.education\/pt-br\/#organization","name":"Alcanza tus metas acad\u00e9micas con Especializaciones Internacionales, Idiomas, Certificaci\u00f3n y Aval Acad\u00e9mico.","url":"https:\/\/cel.education\/pt-br\/","logo":{"@type":"ImageObject","inLanguage":"pt-BR","@id":"https:\/\/cel.education\/pt-br\/#\/schema\/logo\/image\/","url":"https:\/\/cel.education\/wp-content\/uploads\/2025\/02\/pantalla-cel.jpg","contentUrl":"https:\/\/cel.education\/wp-content\/uploads\/2025\/02\/pantalla-cel.jpg","width":1920,"height":1080,"caption":"Alcanza tus metas acad\u00e9micas con Especializaciones Internacionales, Idiomas, Certificaci\u00f3n y Aval Acad\u00e9mico."},"image":{"@id":"https:\/\/cel.education\/pt-br\/#\/schema\/logo\/image\/"},"sameAs":["https:\/\/www.facebook.com\/cel.leadership","https:\/\/x.com\/cel_leadership","https:\/\/www.instagram.com\/cel.leadership\/"]}]}},"_links":{"self":[{"href":"https:\/\/cel.education\/pt-br\/wp-json\/wp\/v2\/pages\/18508","targetHints":{"allow":["GET"]}}],"collection":[{"href":"https:\/\/cel.education\/pt-br\/wp-json\/wp\/v2\/pages"}],"about":[{"href":"https:\/\/cel.education\/pt-br\/wp-json\/wp\/v2\/types\/page"}],"author":[{"embeddable":true,"href":"https:\/\/cel.education\/pt-br\/wp-json\/wp\/v2\/users\/1"}],"replies":[{"embeddable":true,"href":"https:\/\/cel.education\/pt-br\/wp-json\/wp\/v2\/comments?post=18508"}],"version-history":[{"count":1,"href":"https:\/\/cel.education\/pt-br\/wp-json\/wp\/v2\/pages\/18508\/revisions"}],"predecessor-version":[{"id":18521,"href":"https:\/\/cel.education\/pt-br\/wp-json\/wp\/v2\/pages\/18508\/revisions\/18521"}],"wp:attachment":[{"href":"https:\/\/cel.education\/pt-br\/wp-json\/wp\/v2\/media?parent=18508"}],"curies":[{"name":"wp","href":"https:\/\/api.w.org\/{rel}","templated":true}]}}