{"id":19258,"date":"2026-04-11T15:02:11","date_gmt":"2026-04-11T15:02:11","guid":{"rendered":"https:\/\/cel.education\/black-diamond\/"},"modified":"2026-04-11T15:30:36","modified_gmt":"2026-04-11T15:30:36","slug":"black-diamond","status":"publish","type":"page","link":"https:\/\/cel.education\/pt-br\/black-diamond\/","title":{"rendered":"Black Diamond"},"content":{"rendered":"<style>.elementor-19258 .elementor-element.elementor-element-bf4124b{--display:flex;}<\/style>\t\t<div data-elementor-type=\"wp-page\" data-elementor-id=\"19258\" class=\"elementor elementor-19258 elementor-19244\" data-elementor-post-type=\"page\">\n\t\t\t\t<div class=\"elementor-element elementor-element-bf4124b e-con-full e-flex lakit-col-width-auto-no e-container e-root-container elementor-top-section e-con e-parent\" data-id=\"bf4124b\" data-element_type=\"container\" data-e-type=\"container\">\n\t\t\t\t<div class=\"elementor-element elementor-element-56f782a elementor-widget elementor-widget-html\" data-id=\"56f782a\" data-element_type=\"widget\" data-e-type=\"widget\" data-widget_type=\"html.default\">\n\t\t\t\t<div class=\"elementor-widget-container\">\n\t\t\t\t\t<style>\r\n    \/* Eliminamos cualquier espacio del contenedor de WordPress *\/\r\n    html, body {\r\n        margin: 0 !important;\r\n        padding: 0 !important;\r\n        height: 100% !important;\r\n        overflow: hidden; \/* Evita el scroll doble en el cuerpo de la p\u00e1gina *\/\r\n    }\r\n\r\n    .iframe-wrapper {\r\n        position: fixed; \/* Lo fija a la pantalla del celular *\/\r\n        top: 0;\r\n        left: 0;\r\n        right: 0;\r\n        bottom: 0;\r\n        width: 100%;\r\n        height: 100%;\r\n        -webkit-overflow-scrolling: touch; \/* Suaviza el scroll en iOS *\/\r\n    }\r\n\r\n    .iframe-wrapper iframe {\r\n        width: 100%;\r\n        height: 100%;\r\n        border: none;\r\n        display: block;\r\n    }\r\n<\/style>\r\n\r\n<div class=\"iframe-wrapper\">\r\n    <iframe src=\"https:\/\/cel.diamond.fgu-edu.com\/\" allowfullscreen=\"\" loading=\"lazy\" title=\"Black Diamond\">\r\n    <\/iframe>\r\n<\/div>\t\t\t\t<\/div>\n\t\t\t\t<\/div>\n\t\t\t\t<\/div>\n\t\t\t\t<\/div>\n\t\t","protected":false},"excerpt":{"rendered":"","protected":false},"author":2,"featured_media":19257,"parent":0,"menu_order":0,"comment_status":"closed","ping_status":"closed","template":"elementor_canvas","meta":{"productId":0,"courseId":0,"footnotes":""},"class_list":["post-19258","page","type-page","status-publish","has-post-thumbnail","hentry"],"yoast_head":"<!-- This site is optimized with the Yoast SEO plugin v27.3 - https:\/\/yoast.com\/product\/yoast-seo-wordpress\/ -->\n<title>Black Diamond - Alcanza tus metas acad\u00e9micas con Especializaciones Internacionales, Idiomas, Certificaci\u00f3n y Aval Acad\u00e9mico.<\/title>\n<meta name=\"robots\" content=\"index, follow, max-snippet:-1, max-image-preview:large, max-video-preview:-1\" \/>\n<link rel=\"canonical\" href=\"https:\/\/cel.education\/pt-br\/black-diamond\/\" \/>\n<meta property=\"og:locale\" content=\"pt_BR\" \/>\n<meta property=\"og:type\" content=\"article\" \/>\n<meta property=\"og:title\" content=\"Black Diamond - Alcanza tus metas acad\u00e9micas con Especializaciones Internacionales, Idiomas, Certificaci\u00f3n y Aval Acad\u00e9mico.\" \/>\n<meta property=\"og:url\" content=\"https:\/\/cel.education\/pt-br\/black-diamond\/\" \/>\n<meta property=\"og:site_name\" content=\"Alcanza tus metas acad\u00e9micas con Especializaciones Internacionales, Idiomas, Certificaci\u00f3n y Aval Acad\u00e9mico.\" \/>\n<meta property=\"article:publisher\" content=\"https:\/\/www.facebook.com\/cel.leadership\" \/>\n<meta property=\"article:modified_time\" content=\"2026-04-11T15:30:36+00:00\" \/>\n<meta property=\"og:image\" content=\"https:\/\/cel.education\/wp-content\/uploads\/2026\/04\/LANDING-PAGE-DIAMONT-3.png\" \/>\n\t<meta property=\"og:image:width\" content=\"528\" \/>\n\t<meta property=\"og:image:height\" content=\"369\" \/>\n\t<meta property=\"og:image:type\" content=\"image\/png\" \/>\n<meta name=\"twitter:card\" content=\"summary_large_image\" \/>\n<meta name=\"twitter:site\" content=\"@cel_leadership\" \/>\n<script type=\"application\/ld+json\" class=\"yoast-schema-graph\">{\"@context\":\"https:\\\/\\\/schema.org\",\"@graph\":[{\"@type\":\"WebPage\",\"@id\":\"https:\\\/\\\/cel.education\\\/pt-br\\\/black-diamond\\\/\",\"url\":\"https:\\\/\\\/cel.education\\\/pt-br\\\/black-diamond\\\/\",\"name\":\"Black Diamond - Alcanza tus metas acad\u00e9micas con Especializaciones Internacionales, Idiomas, Certificaci\u00f3n y Aval Acad\u00e9mico.\",\"isPartOf\":{\"@id\":\"https:\\\/\\\/cel.education\\\/pt-br\\\/#website\"},\"primaryImageOfPage\":{\"@id\":\"https:\\\/\\\/cel.education\\\/pt-br\\\/black-diamond\\\/#primaryimage\"},\"image\":{\"@id\":\"https:\\\/\\\/cel.education\\\/pt-br\\\/black-diamond\\\/#primaryimage\"},\"thumbnailUrl\":\"https:\\\/\\\/cel.education\\\/wp-content\\\/uploads\\\/2026\\\/04\\\/LANDING-PAGE-DIAMONT-3.png\",\"datePublished\":\"2026-04-11T15:02:11+00:00\",\"dateModified\":\"2026-04-11T15:30:36+00:00\",\"breadcrumb\":{\"@id\":\"https:\\\/\\\/cel.education\\\/pt-br\\\/black-diamond\\\/#breadcrumb\"},\"inLanguage\":\"pt-BR\",\"potentialAction\":[{\"@type\":\"ReadAction\",\"target\":[\"https:\\\/\\\/cel.education\\\/pt-br\\\/black-diamond\\\/\"]}]},{\"@type\":\"ImageObject\",\"inLanguage\":\"pt-BR\",\"@id\":\"https:\\\/\\\/cel.education\\\/pt-br\\\/black-diamond\\\/#primaryimage\",\"url\":\"https:\\\/\\\/cel.education\\\/wp-content\\\/uploads\\\/2026\\\/04\\\/LANDING-PAGE-DIAMONT-3.png\",\"contentUrl\":\"https:\\\/\\\/cel.education\\\/wp-content\\\/uploads\\\/2026\\\/04\\\/LANDING-PAGE-DIAMONT-3.png\",\"width\":528,\"height\":369},{\"@type\":\"BreadcrumbList\",\"@id\":\"https:\\\/\\\/cel.education\\\/pt-br\\\/black-diamond\\\/#breadcrumb\",\"itemListElement\":[{\"@type\":\"ListItem\",\"position\":1,\"name\":\"Portada\",\"item\":\"https:\\\/\\\/cel.education\\\/pt-br\\\/centro-de-educacao-e-lideranca\\\/\"},{\"@type\":\"ListItem\",\"position\":2,\"name\":\"Black Diamond\"}]},{\"@type\":\"WebSite\",\"@id\":\"https:\\\/\\\/cel.education\\\/pt-br\\\/#website\",\"url\":\"https:\\\/\\\/cel.education\\\/pt-br\\\/\",\"name\":\"Alcanza tus metas acad\u00e9micas con Especializaciones Internacionales, Idiomas, Certificaci\u00f3n y Aval Acad\u00e9mico.\",\"description\":\"Centro de Educaci\u00f3n y Liderazgo\",\"publisher\":{\"@id\":\"https:\\\/\\\/cel.education\\\/pt-br\\\/#organization\"},\"potentialAction\":[{\"@type\":\"SearchAction\",\"target\":{\"@type\":\"EntryPoint\",\"urlTemplate\":\"https:\\\/\\\/cel.education\\\/pt-br\\\/?s={search_term_string}\"},\"query-input\":{\"@type\":\"PropertyValueSpecification\",\"valueRequired\":true,\"valueName\":\"search_term_string\"}}],\"inLanguage\":\"pt-BR\"},{\"@type\":\"Organization\",\"@id\":\"https:\\\/\\\/cel.education\\\/pt-br\\\/#organization\",\"name\":\"Alcanza tus metas acad\u00e9micas con Especializaciones Internacionales, Idiomas, Certificaci\u00f3n y Aval Acad\u00e9mico.\",\"url\":\"https:\\\/\\\/cel.education\\\/pt-br\\\/\",\"logo\":{\"@type\":\"ImageObject\",\"inLanguage\":\"pt-BR\",\"@id\":\"https:\\\/\\\/cel.education\\\/pt-br\\\/#\\\/schema\\\/logo\\\/image\\\/\",\"url\":\"https:\\\/\\\/cel.education\\\/wp-content\\\/uploads\\\/2025\\\/02\\\/pantalla-cel.jpg\",\"contentUrl\":\"https:\\\/\\\/cel.education\\\/wp-content\\\/uploads\\\/2025\\\/02\\\/pantalla-cel.jpg\",\"width\":1920,\"height\":1080,\"caption\":\"Alcanza tus metas acad\u00e9micas con Especializaciones Internacionales, Idiomas, Certificaci\u00f3n y Aval Acad\u00e9mico.\"},\"image\":{\"@id\":\"https:\\\/\\\/cel.education\\\/pt-br\\\/#\\\/schema\\\/logo\\\/image\\\/\"},\"sameAs\":[\"https:\\\/\\\/www.facebook.com\\\/cel.leadership\",\"https:\\\/\\\/x.com\\\/cel_leadership\",\"https:\\\/\\\/www.instagram.com\\\/cel.leadership\\\/\"]}]}<\/script>\n<!-- \/ Yoast SEO plugin. -->","yoast_head_json":{"title":"Black Diamond - Alcanza tus metas acad\u00e9micas con Especializaciones Internacionales, Idiomas, Certificaci\u00f3n y Aval Acad\u00e9mico.","robots":{"index":"index","follow":"follow","max-snippet":"max-snippet:-1","max-image-preview":"max-image-preview:large","max-video-preview":"max-video-preview:-1"},"canonical":"https:\/\/cel.education\/pt-br\/black-diamond\/","og_locale":"pt_BR","og_type":"article","og_title":"Black Diamond - Alcanza tus metas acad\u00e9micas con Especializaciones Internacionales, Idiomas, Certificaci\u00f3n y Aval Acad\u00e9mico.","og_url":"https:\/\/cel.education\/pt-br\/black-diamond\/","og_site_name":"Alcanza tus metas acad\u00e9micas con Especializaciones Internacionales, Idiomas, Certificaci\u00f3n y Aval Acad\u00e9mico.","article_publisher":"https:\/\/www.facebook.com\/cel.leadership","article_modified_time":"2026-04-11T15:30:36+00:00","og_image":[{"width":528,"height":369,"url":"https:\/\/cel.education\/wp-content\/uploads\/2026\/04\/LANDING-PAGE-DIAMONT-3.png","type":"image\/png"}],"twitter_card":"summary_large_image","twitter_site":"@cel_leadership","schema":{"@context":"https:\/\/schema.org","@graph":[{"@type":"WebPage","@id":"https:\/\/cel.education\/pt-br\/black-diamond\/","url":"https:\/\/cel.education\/pt-br\/black-diamond\/","name":"Black Diamond - Alcanza tus metas acad\u00e9micas con Especializaciones Internacionales, Idiomas, Certificaci\u00f3n y Aval Acad\u00e9mico.","isPartOf":{"@id":"https:\/\/cel.education\/pt-br\/#website"},"primaryImageOfPage":{"@id":"https:\/\/cel.education\/pt-br\/black-diamond\/#primaryimage"},"image":{"@id":"https:\/\/cel.education\/pt-br\/black-diamond\/#primaryimage"},"thumbnailUrl":"https:\/\/cel.education\/wp-content\/uploads\/2026\/04\/LANDING-PAGE-DIAMONT-3.png","datePublished":"2026-04-11T15:02:11+00:00","dateModified":"2026-04-11T15:30:36+00:00","breadcrumb":{"@id":"https:\/\/cel.education\/pt-br\/black-diamond\/#breadcrumb"},"inLanguage":"pt-BR","potentialAction":[{"@type":"ReadAction","target":["https:\/\/cel.education\/pt-br\/black-diamond\/"]}]},{"@type":"ImageObject","inLanguage":"pt-BR","@id":"https:\/\/cel.education\/pt-br\/black-diamond\/#primaryimage","url":"https:\/\/cel.education\/wp-content\/uploads\/2026\/04\/LANDING-PAGE-DIAMONT-3.png","contentUrl":"https:\/\/cel.education\/wp-content\/uploads\/2026\/04\/LANDING-PAGE-DIAMONT-3.png","width":528,"height":369},{"@type":"BreadcrumbList","@id":"https:\/\/cel.education\/pt-br\/black-diamond\/#breadcrumb","itemListElement":[{"@type":"ListItem","position":1,"name":"Portada","item":"https:\/\/cel.education\/pt-br\/centro-de-educacao-e-lideranca\/"},{"@type":"ListItem","position":2,"name":"Black Diamond"}]},{"@type":"WebSite","@id":"https:\/\/cel.education\/pt-br\/#website","url":"https:\/\/cel.education\/pt-br\/","name":"Alcanza tus metas acad\u00e9micas con Especializaciones Internacionales, Idiomas, Certificaci\u00f3n y Aval Acad\u00e9mico.","description":"Centro de Educaci\u00f3n y Liderazgo","publisher":{"@id":"https:\/\/cel.education\/pt-br\/#organization"},"potentialAction":[{"@type":"SearchAction","target":{"@type":"EntryPoint","urlTemplate":"https:\/\/cel.education\/pt-br\/?s={search_term_string}"},"query-input":{"@type":"PropertyValueSpecification","valueRequired":true,"valueName":"search_term_string"}}],"inLanguage":"pt-BR"},{"@type":"Organization","@id":"https:\/\/cel.education\/pt-br\/#organization","name":"Alcanza tus metas acad\u00e9micas con Especializaciones Internacionales, Idiomas, Certificaci\u00f3n y Aval Acad\u00e9mico.","url":"https:\/\/cel.education\/pt-br\/","logo":{"@type":"ImageObject","inLanguage":"pt-BR","@id":"https:\/\/cel.education\/pt-br\/#\/schema\/logo\/image\/","url":"https:\/\/cel.education\/wp-content\/uploads\/2025\/02\/pantalla-cel.jpg","contentUrl":"https:\/\/cel.education\/wp-content\/uploads\/2025\/02\/pantalla-cel.jpg","width":1920,"height":1080,"caption":"Alcanza tus metas acad\u00e9micas con Especializaciones Internacionales, Idiomas, Certificaci\u00f3n y Aval Acad\u00e9mico."},"image":{"@id":"https:\/\/cel.education\/pt-br\/#\/schema\/logo\/image\/"},"sameAs":["https:\/\/www.facebook.com\/cel.leadership","https:\/\/x.com\/cel_leadership","https:\/\/www.instagram.com\/cel.leadership\/"]}]}},"_links":{"self":[{"href":"https:\/\/cel.education\/pt-br\/wp-json\/wp\/v2\/pages\/19258","targetHints":{"allow":["GET"]}}],"collection":[{"href":"https:\/\/cel.education\/pt-br\/wp-json\/wp\/v2\/pages"}],"about":[{"href":"https:\/\/cel.education\/pt-br\/wp-json\/wp\/v2\/types\/page"}],"author":[{"embeddable":true,"href":"https:\/\/cel.education\/pt-br\/wp-json\/wp\/v2\/users\/2"}],"replies":[{"embeddable":true,"href":"https:\/\/cel.education\/pt-br\/wp-json\/wp\/v2\/comments?post=19258"}],"version-history":[{"count":1,"href":"https:\/\/cel.education\/pt-br\/wp-json\/wp\/v2\/pages\/19258\/revisions"}],"predecessor-version":[{"id":19259,"href":"https:\/\/cel.education\/pt-br\/wp-json\/wp\/v2\/pages\/19258\/revisions\/19259"}],"wp:featuredmedia":[{"embeddable":true,"href":"https:\/\/cel.education\/pt-br\/wp-json\/wp\/v2\/media\/19257"}],"wp:attachment":[{"href":"https:\/\/cel.education\/pt-br\/wp-json\/wp\/v2\/media?parent=19258"}],"curies":[{"name":"wp","href":"https:\/\/api.w.org\/{rel}","templated":true}]}}